{"id":2457,"date":"2018-03-01T11:05:42","date_gmt":"2018-03-01T10:05:42","guid":{"rendered":"http:\/\/chocolatesbresco.es\/?page_id=2457"},"modified":"2025-10-03T12:59:43","modified_gmt":"2025-10-03T10:59:43","slug":"les-nostres-botigues","status":"publish","type":"page","link":"https:\/\/chocolatesbresco.es\/ca\/les-nostres-botigues\/","title":{"rendered":"Les nostres botigues"},"content":{"rendered":"\n  <div class=\"banner has-hover has-parallax\" id=\"banner-1467578975\">\n          <div class=\"banner-inner fill\">\n        <div class=\"banner-bg fill\" data-parallax=\"-3\" data-parallax-container=\".banner\" data-parallax-background>\n            <img loading=\"lazy\" decoding=\"async\" width=\"1800\" height=\"623\" src=\"https:\/\/chocolatesbresco.es\/wp-content\/uploads\/2023\/07\/tienda-bresco.jpg\" class=\"bg attachment-original size-original\" alt=\"\" \/>                                    \n                    <\/div>\n\t\t\n        <div class=\"banner-layers container\">\n            <div class=\"fill banner-link\"><\/div>            \n   <div id=\"text-box-747439508\" class=\"text-box banner-layer x50 md-x50 lg-x50 y50 md-y50 lg-y50 res-text\">\n                                <div class=\"text-box-content text dark\">\n              \n              <div class=\"text-inner text-center\">\n                  \n<h1 class=\"lead\">Botigues Xocolates Bresc\u00f3<\/h1>\n              <\/div>\n           <\/div>\n                            \n<style>\n#text-box-747439508 {\n  width: 60%;\n}\n#text-box-747439508 .text-box-content {\n  font-size: 100%;\n}\n<\/style>\n    <\/div>\n \n        <\/div>\n      <\/div>\n\n            \n<style>\n#banner-1467578975 {\n  padding-top: 507px;\n}\n<\/style>\n  <\/div>\n\n\n<div class=\"row\"  id=\"row-507036094\">\n\n\t<div id=\"col-1014982365\" class=\"col medium-6 small-12 large-6\"  >\n\t\t\t\t<div class=\"col-inner\"  >\n\t\t\t\n\t\t\t\n<h3>La pastisseria, Benabarre<\/h3>\n<p>Asseu-te a la nostra cafeteria i gaudeix d&#8217;una innoblidable xocolata a la tassa ben calenta a l&#8217;hivern.<\/p>\n<p>Prefereixes un pa de pessic ben esponj\u00f3s, o una ensaimada recent feta, o millor un bon croissant? Si comen\u00e7a la calor, saboreja el nostre exquisit batut de xocolata, sol o amb nata. Disposem del m\u00e9s \u00e0mpli surtit de bombons. Des dels m\u00e9s tradicionals: tres ametlles en llet o xocolata negre, anous, caf\u00e8, canyella, etc&#8230; fins als m\u00e9s innovadors: explosius, tequila-llimona, vinagre de M\u00f2dena, etc.<\/p>\n<p>Qu\u00e8 prefereixes, xocolates dolsos, suaus, amargs, sense sucre? O potser vols degustar un trosset de gingebre, de taronja, de papaia&#8230;? Pensa una mica i deixa&#8217;t emportar pels teus sentits, d\u00b4una una volta per la nostre exclusiva exposici\u00f3. Ja saps qu\u00e8 regalar?<\/p>\n<p>Has vist les nostres innoblidables caixes i presentacions? Increible! Gaudeix tamb\u00e9 dels vins de Somontano. Una triada mostra dels millors vins de la nostre zona.<\/p>\n<p>En aquesta nova seu s&#8217;uneixen la qualitat i l&#8217;artesania dels antics obradors, aix\u00ed com l&#8217;exist\u00e8ncia d&#8217;una important xocolateria per gaudir i degustar tots els nostres productes, ambd\u00f3s oberts al p\u00fablic.<\/p>\n<address><em><strong>XOCOLATES BRESC\u00d3<\/strong>\u00a0\u00a0\u00a0<\/em><em>\u00a0<\/em><\/address>\n<address><em>Carretera Nacional, 230 Km. 68\u00a0\u00a0\u00a0<\/em><\/address>\n<address><em>22580 BENABARRE (Huesca)<\/em>\u00a0<em>\u00a0\u00a0<\/em><\/address>\n<address><em>Tel. 974 54 30 08<\/em><\/address>\n<address>\u00a0<\/address>\n<address>\n<address><strong>Horari:<\/strong><\/address>\n<address>de Dilluns a Diumenge: de 9h a 14h i de 16h a 20h<br \/>\n(Dimecres tancat per festiu)<\/address>\n<\/address>\n\t\t<\/div>\n\t\t\t\t\t<\/div>\n\n\t\n\n\t<div id=\"col-1320350657\" class=\"col medium-6 small-12 large-6\"  >\n\t\t\t\t<div class=\"col-inner\"  >\n\t\t\t\n\t\t\t\n  <div class=\"banner-grid-wrapper\">\n  <div id=\"banner-grid-402336632\" class=\"banner-grid row row-grid row-small\" data-packery-options=\"\">\n                      \n<div class=\"col grid-col large-12 grid-col-2-3\" ><div class=\"col-inner\">\n\t<div class=\"img has-hover x md-x lg-x y md-y lg-y\" id=\"image_302633683\">\n\t\t<a class=\"image-lightbox lightbox-gallery\" title=\"\" href=\"https:\/\/chocolatesbresco.es\/wp-content\/uploads\/2018\/01\/la-chocolateria-bresco-huesca.jpg\">\t\t\t\t\t\t<div class=\"img-inner dark\" >\n\t\t\t<img loading=\"lazy\" decoding=\"async\" width=\"500\" height=\"280\" src=\"https:\/\/chocolatesbresco.es\/wp-content\/uploads\/2018\/01\/la-chocolateria-bresco-huesca.jpg\" class=\"attachment-large size-large\" alt=\"\" \/>\t\t\t\t\t\t\n\t\t\t\t\t<\/div>\n\t\t\t\t\t\t<\/a>\t\t\n<style>\n#image_302633683 {\n  width: 100%;\n}\n<\/style>\n\t<\/div>\n\t\n<\/div><\/div>\n<div class=\"col grid-col large-4 grid-col-1-3\" ><div class=\"col-inner\">\n\t<div class=\"img has-hover x md-x lg-x y md-y lg-y\" id=\"image_628390284\">\n\t\t<a class=\"image-lightbox lightbox-gallery\" title=\"\" href=\"https:\/\/chocolatesbresco.es\/wp-content\/uploads\/2018\/02\/chocolateria-bresco-benabarre-1.jpg\">\t\t\t\t\t\t<div class=\"img-inner dark\" >\n\t\t\t<img loading=\"lazy\" decoding=\"async\" width=\"800\" height=\"600\" src=\"https:\/\/chocolatesbresco.es\/wp-content\/uploads\/2018\/02\/chocolateria-bresco-benabarre-1.jpg\" class=\"attachment-large size-large\" alt=\"\" srcset=\"https:\/\/chocolatesbresco.es\/wp-content\/uploads\/2018\/02\/chocolateria-bresco-benabarre-1.jpg 800w, https:\/\/chocolatesbresco.es\/wp-content\/uploads\/2018\/02\/chocolateria-bresco-benabarre-1-510x383.jpg 510w\" sizes=\"auto, (max-width: 800px) 100vw, 800px\" \/>\t\t\t\t\t\t\n\t\t\t\t\t<\/div>\n\t\t\t\t\t\t<\/a>\t\t\n<style>\n#image_628390284 {\n  width: 100%;\n}\n<\/style>\n\t<\/div>\n\t\n<\/div><\/div>\n<div class=\"col grid-col large-4 grid-col-1-3\" ><div class=\"col-inner\">\n\t<div class=\"img has-hover x md-x lg-x y md-y lg-y\" id=\"image_1538427532\">\n\t\t<a class=\"image-lightbox lightbox-gallery\" title=\"\" href=\"https:\/\/chocolatesbresco.es\/wp-content\/uploads\/2018\/02\/chocolateria-bresco-benabarre-4-1.jpg\">\t\t\t\t\t\t<div class=\"img-inner dark\" >\n\t\t\t<img loading=\"lazy\" decoding=\"async\" width=\"800\" height=\"600\" src=\"https:\/\/chocolatesbresco.es\/wp-content\/uploads\/2018\/02\/chocolateria-bresco-benabarre-4-1.jpg\" class=\"attachment-large size-large\" alt=\"\" srcset=\"https:\/\/chocolatesbresco.es\/wp-content\/uploads\/2018\/02\/chocolateria-bresco-benabarre-4-1.jpg 800w, https:\/\/chocolatesbresco.es\/wp-content\/uploads\/2018\/02\/chocolateria-bresco-benabarre-4-1-510x383.jpg 510w\" sizes=\"auto, (max-width: 800px) 100vw, 800px\" \/>\t\t\t\t\t\t\n\t\t\t\t\t<\/div>\n\t\t\t\t\t\t<\/a>\t\t\n<style>\n#image_1538427532 {\n  width: 100%;\n}\n<\/style>\n\t<\/div>\n\t\n<\/div><\/div>\n<div class=\"col grid-col large-4 grid-col-1-3\" ><div class=\"col-inner\">\n\t<div class=\"img has-hover x md-x lg-x y md-y lg-y\" id=\"image_2088909066\">\n\t\t<a class=\"image-lightbox lightbox-gallery\" title=\"\" href=\"https:\/\/chocolatesbresco.es\/wp-content\/uploads\/2018\/02\/chocolateria-bresco-benabarre-5.jpg\">\t\t\t\t\t\t<div class=\"img-inner dark\" >\n\t\t\t<img loading=\"lazy\" decoding=\"async\" width=\"800\" height=\"600\" src=\"https:\/\/chocolatesbresco.es\/wp-content\/uploads\/2018\/02\/chocolateria-bresco-benabarre-5.jpg\" class=\"attachment-large size-large\" alt=\"\" srcset=\"https:\/\/chocolatesbresco.es\/wp-content\/uploads\/2018\/02\/chocolateria-bresco-benabarre-5.jpg 800w, https:\/\/chocolatesbresco.es\/wp-content\/uploads\/2018\/02\/chocolateria-bresco-benabarre-5-510x383.jpg 510w\" sizes=\"auto, (max-width: 800px) 100vw, 800px\" \/>\t\t\t\t\t\t\n\t\t\t\t\t<\/div>\n\t\t\t\t\t\t<\/a>\t\t\n<style>\n#image_2088909066 {\n  width: 100%;\n}\n<\/style>\n\t<\/div>\n\t\n<\/div><\/div>\n            <\/div>\n    <style>\n    #banner-grid-402336632 .grid-col-1{height: 600px}\n    #banner-grid-402336632 .grid-col-1-2{height: 300px}\n    #banner-grid-402336632 .grid-col-1-3{height:200px}\n    #banner-grid-402336632 .grid-col-2-3{height: 400px}\n    #banner-grid-402336632 .grid-col-1-4{height: 150px}\n    #banner-grid-402336632 .grid-col-3-4{height: 450px}\n\n\n    \n    \n\n  <\/style>\n    <\/div>\n  \n\t\t<\/div>\n\t\t\t\t\t<\/div>\n\n\t\n\n\t<div id=\"col-1843018794\" class=\"col small-12 large-12\"  >\n\t\t\t\t<div class=\"col-inner\"  >\n\t\t\t\n\t\t\t\n<p><iframe loading=\"lazy\" style=\"border: 0;\" src=\"https:\/\/www.google.com\/maps\/embed?pb=!1m18!1m12!1m3!1d2960.0426685345383!2d0.494858416257021!3d42.106556979204846!2m3!1f0!2f0!3f0!3m2!1i1024!2i768!4f13.1!3m3!1m2!1s0x12a7b1b003bdd391%3A0x61ef6e9413e4f6b9!2sChocolates+Bresc%C3%B3!5e0!3m2!1ses!2ses!4v1551102307759\" width=\"1800\" height=\"300\" frameborder=\"0\" allowfullscreen=\"allowfullscreen\"><\/iframe><\/p>\n\t\t<\/div>\n\t\t\t\t\t<\/div>\n\n\t\n\n<style>\n#row-507036094 > .col > .col-inner {\n  padding: 40px 0px 0px 0px;\n}\n<\/style>\n<\/div>\n<div class=\"row\"  id=\"row-520391738\">\n\n\t<div id=\"col-798280627\" class=\"col medium-6 small-12 large-6\"  >\n\t\t\t\t<div class=\"col-inner\"  >\n\t\t\t\n\t\t\t\n  <div class=\"banner-grid-wrapper\">\n  <div id=\"banner-grid-1256988615\" class=\"banner-grid row row-grid row-small\" data-packery-options=\"\">\n                      \n<div class=\"col grid-col large-12 grid-col-2-3\" ><div class=\"col-inner\">\n\t<div class=\"img has-hover x md-x lg-x y md-y lg-y\" id=\"image_64123056\">\n\t\t<a class=\"image-lightbox lightbox-gallery\" title=\"\" href=\"https:\/\/chocolatesbresco.es\/wp-content\/uploads\/2018\/02\/fabrica0.jpg\">\t\t\t\t\t\t<div class=\"img-inner dark\" >\n\t\t\t<img loading=\"lazy\" decoding=\"async\" width=\"800\" height=\"600\" src=\"https:\/\/chocolatesbresco.es\/wp-content\/uploads\/2018\/02\/fabrica0.jpg\" class=\"attachment-large size-large\" alt=\"\" srcset=\"https:\/\/chocolatesbresco.es\/wp-content\/uploads\/2018\/02\/fabrica0.jpg 800w, https:\/\/chocolatesbresco.es\/wp-content\/uploads\/2018\/02\/fabrica0-510x383.jpg 510w\" sizes=\"auto, (max-width: 800px) 100vw, 800px\" \/>\t\t\t\t\t\t\n\t\t\t\t\t<\/div>\n\t\t\t\t\t\t<\/a>\t\t\n<style>\n#image_64123056 {\n  width: 100%;\n}\n<\/style>\n\t<\/div>\n\t\n<\/div><\/div>\n<div class=\"col grid-col large-4 grid-col-1-3\" ><div class=\"col-inner\">\n\t<div class=\"img has-hover x md-x lg-x y md-y lg-y\" id=\"image_1691216227\">\n\t\t<a class=\"image-lightbox lightbox-gallery\" title=\"\" href=\"https:\/\/chocolatesbresco.es\/wp-content\/uploads\/2018\/02\/fabrica1.jpg\">\t\t\t\t\t\t<div class=\"img-inner dark\" >\n\t\t\t<img loading=\"lazy\" decoding=\"async\" width=\"800\" height=\"600\" src=\"https:\/\/chocolatesbresco.es\/wp-content\/uploads\/2018\/02\/fabrica1.jpg\" class=\"attachment-large size-large\" alt=\"\" srcset=\"https:\/\/chocolatesbresco.es\/wp-content\/uploads\/2018\/02\/fabrica1.jpg 800w, https:\/\/chocolatesbresco.es\/wp-content\/uploads\/2018\/02\/fabrica1-510x383.jpg 510w\" sizes=\"auto, (max-width: 800px) 100vw, 800px\" \/>\t\t\t\t\t\t\n\t\t\t\t\t<\/div>\n\t\t\t\t\t\t<\/a>\t\t\n<style>\n#image_1691216227 {\n  width: 100%;\n}\n<\/style>\n\t<\/div>\n\t\n<\/div><\/div>\n<div class=\"col grid-col large-4 grid-col-1-3\" ><div class=\"col-inner\">\n\t<div class=\"img has-hover x md-x lg-x y md-y lg-y\" id=\"image_1580689575\">\n\t\t<a class=\"image-lightbox lightbox-gallery\" title=\"\" href=\"https:\/\/chocolatesbresco.es\/wp-content\/uploads\/2018\/02\/fabrica2.jpg\">\t\t\t\t\t\t<div class=\"img-inner dark\" >\n\t\t\t<img loading=\"lazy\" decoding=\"async\" width=\"800\" height=\"600\" src=\"https:\/\/chocolatesbresco.es\/wp-content\/uploads\/2018\/02\/fabrica2.jpg\" class=\"attachment-large size-large\" alt=\"\" srcset=\"https:\/\/chocolatesbresco.es\/wp-content\/uploads\/2018\/02\/fabrica2.jpg 800w, https:\/\/chocolatesbresco.es\/wp-content\/uploads\/2018\/02\/fabrica2-510x383.jpg 510w\" sizes=\"auto, (max-width: 800px) 100vw, 800px\" \/>\t\t\t\t\t\t\n\t\t\t\t\t<\/div>\n\t\t\t\t\t\t<\/a>\t\t\n<style>\n#image_1580689575 {\n  width: 100%;\n}\n<\/style>\n\t<\/div>\n\t\n<\/div><\/div>\n<div class=\"col grid-col large-4 grid-col-1-3\" ><div class=\"col-inner\">\n\t<div class=\"img has-hover x md-x lg-x y md-y lg-y\" id=\"image_1919673729\">\n\t\t<a class=\"image-lightbox lightbox-gallery\" title=\"\" href=\"https:\/\/chocolatesbresco.es\/wp-content\/uploads\/2018\/02\/fabrica3.jpg\">\t\t\t\t\t\t<div class=\"img-inner dark\" >\n\t\t\t<img loading=\"lazy\" decoding=\"async\" width=\"800\" height=\"600\" src=\"https:\/\/chocolatesbresco.es\/wp-content\/uploads\/2018\/02\/fabrica3.jpg\" class=\"attachment-large size-large\" alt=\"\" srcset=\"https:\/\/chocolatesbresco.es\/wp-content\/uploads\/2018\/02\/fabrica3.jpg 800w, https:\/\/chocolatesbresco.es\/wp-content\/uploads\/2018\/02\/fabrica3-510x383.jpg 510w\" sizes=\"auto, (max-width: 800px) 100vw, 800px\" \/>\t\t\t\t\t\t\n\t\t\t\t\t<\/div>\n\t\t\t\t\t\t<\/a>\t\t\n<style>\n#image_1919673729 {\n  width: 100%;\n}\n<\/style>\n\t<\/div>\n\t\n<\/div><\/div>\n            <\/div>\n    <style>\n    #banner-grid-1256988615 .grid-col-1{height: 600px}\n    #banner-grid-1256988615 .grid-col-1-2{height: 300px}\n    #banner-grid-1256988615 .grid-col-1-3{height:200px}\n    #banner-grid-1256988615 .grid-col-2-3{height: 400px}\n    #banner-grid-1256988615 .grid-col-1-4{height: 150px}\n    #banner-grid-1256988615 .grid-col-3-4{height: 450px}\n\n\n    \n    \n\n  <\/style>\n    <\/div>\n  \n\t\t<\/div>\n\t\t\t\t\t<\/div>\n\n\t\n\n\t<div id=\"col-1959219967\" class=\"col medium-6 small-12 large-6\"  >\n\t\t\t\t<div class=\"col-inner\"  >\n\t\t\t\n\t\t\t\n<h3>La xocolater\u00eda, Benabarre<\/h3>\n<p>Al viatger \u00e0vid de saviesa i que ha decidit parar en el nostre entranyable poble, li recomanem que entri i es deixi emportar pels aromes i les del\u00edcies que prepara el xocolater de la casa. Decideixi&#8217;s i delecti&#8217;s amb la gran varietat de xocolates que venen a casa Bresc\u00f3. Disposa una mica del seu apreciat temps? Retrocedeixi a un temps passat on els esforsos manuals, la const\u00e0ncia i l&#8217;art de fer xocolata li sorpendran. A l&#8217;antic obrador situat a la botiga, observar\u00e0 les eines amb les que s&#8217;elaboorava en el s. XVII la xocolata a pa pedra. Quanta hist\u00f2ria darrera de cada instrument!<\/p>\n<address><em><strong>PASTISSERIA BRESC\u00d3<\/strong><\/em><\/address>\n<address><em>C\/ Mayor, 11\u00a0<\/em><\/address>\n<address><em>22580 BENABARRE (Osca)<\/em><\/address>\n<address><em>Tel. 974 54 30 08<br \/>\n<\/em><\/address>\n<address>\u00a0<\/address>\n<address><strong>Horari:<\/strong><\/address>\n<address>Dilluns i Diumenge<br \/>\nMatins: de 9h a 14h<\/p>\n<p>Divendres i Dissabte<br \/>\nDe 9h a 14h i de 17h a 20h<\/p>\n<p>(Dimarts, Dimecres i Dijous tancat per festiu)<\/p>\n<\/address>\n<address>\u00a0<\/address>\n<address>\u00a0<\/address>\n\t\t<\/div>\n\t\t\t\t\t<\/div>\n\n\t\n\n\t<div id=\"col-923154574\" class=\"col small-12 large-12\"  >\n\t\t\t\t<div class=\"col-inner\"  >\n\t\t\t\n\t\t\t\n<p><iframe loading=\"lazy\" style=\"border: 0;\" src=\"https:\/\/www.google.com\/maps\/embed?pb=!1m18!1m12!1m3!1d2960.0256914881547!2d0.47807071625701897!3d42.10692057920471!2m3!1f0!2f0!3f0!3m2!1i1024!2i768!4f13.1!3m3!1m2!1s0x12a7b05027ea484f%3A0x4ab9e3877b487847!2sCalle+Mayor%2C+11%2C+22580+Benabarre%2C+Huesca!5e0!3m2!1ses!2ses!4v1551102725889\" width=\"1800\" height=\"300\" frameborder=\"0\" allowfullscreen=\"allowfullscreen\"><\/iframe><\/p>\n\t\t<\/div>\n\t\t\t\t\t<\/div>\n\n\t\n\n<style>\n#row-520391738 > .col > .col-inner {\n  padding: 40px 0px 0px 0px;\n}\n<\/style>\n<\/div>\n\n<\/address>\n","protected":false},"excerpt":{"rendered":"","protected":false},"author":3,"featured_media":1017,"parent":0,"menu_order":0,"comment_status":"closed","ping_status":"closed","template":"page-transparent-header-light.php","meta":{"footnotes":""},"class_list":["post-2457","page","type-page","status-publish","has-post-thumbnail","hentry"],"_links":{"self":[{"href":"https:\/\/chocolatesbresco.es\/ca\/wp-json\/wp\/v2\/pages\/2457","targetHints":{"allow":["GET"]}}],"collection":[{"href":"https:\/\/chocolatesbresco.es\/ca\/wp-json\/wp\/v2\/pages"}],"about":[{"href":"https:\/\/chocolatesbresco.es\/ca\/wp-json\/wp\/v2\/types\/page"}],"author":[{"embeddable":true,"href":"https:\/\/chocolatesbresco.es\/ca\/wp-json\/wp\/v2\/users\/3"}],"replies":[{"embeddable":true,"href":"https:\/\/chocolatesbresco.es\/ca\/wp-json\/wp\/v2\/comments?post=2457"}],"version-history":[{"count":33,"href":"https:\/\/chocolatesbresco.es\/ca\/wp-json\/wp\/v2\/pages\/2457\/revisions"}],"predecessor-version":[{"id":10160,"href":"https:\/\/chocolatesbresco.es\/ca\/wp-json\/wp\/v2\/pages\/2457\/revisions\/10160"}],"wp:featuredmedia":[{"embeddable":true,"href":"https:\/\/chocolatesbresco.es\/ca\/wp-json\/wp\/v2\/media\/1017"}],"wp:attachment":[{"href":"https:\/\/chocolatesbresco.es\/ca\/wp-json\/wp\/v2\/media?parent=2457"}],"curies":[{"name":"wp","href":"https:\/\/api.w.org\/{rel}","templated":true}]}}