{"id":2614,"date":"2018-03-06T19:05:14","date_gmt":"2018-03-06T18:05:14","guid":{"rendered":"http:\/\/chocolatesbresco.es\/?page_id=2614"},"modified":"2018-03-06T19:05:14","modified_gmt":"2018-03-06T18:05:14","slug":"clausulas-de-consentimiento","status":"publish","type":"page","link":"https:\/\/chocolatesbresco.es\/ca\/clausulas-de-consentimiento\/","title":{"rendered":"Clausulas de consentimiento"},"content":{"rendered":"\n  <div class=\"banner has-hover has-parallax\" id=\"banner-1960087472\">\n          <div class=\"banner-inner fill\">\n        <div class=\"banner-bg fill\" data-parallax=\"-3\" data-parallax-container=\".banner\" data-parallax-background>\n            <img loading=\"lazy\" decoding=\"async\" width=\"1920\" height=\"600\" src=\"https:\/\/chocolatesbresco.es\/wp-content\/uploads\/2018\/02\/chocolates-bresco-barcelona.jpg\" class=\"bg attachment-orginal size-orginal\" alt=\"chocolates-bresco-barcelona\" \/>                                    \n                    <\/div>\n\t\t\n        <div class=\"banner-layers container\">\n            <div class=\"fill banner-link\"><\/div>            \n   <div id=\"text-box-2114480508\" class=\"text-box banner-layer x50 md-x50 lg-x50 y50 md-y50 lg-y50 res-text\">\n                                <div class=\"text-box-content text dark\">\n              \n              <div class=\"text-inner text-center\">\n                  \n<h1 class=\"lead\">Pol\u00edtica de protecci\u00f3n de datos<\/h1>\n              <\/div>\n           <\/div>\n                            \n<style>\n#text-box-2114480508 {\n  width: 60%;\n}\n#text-box-2114480508 .text-box-content {\n  font-size: 100%;\n}\n<\/style>\n    <\/div>\n \n        <\/div>\n      <\/div>\n\n            \n<style>\n#banner-1960087472 {\n  padding-top: 507px;\n}\n<\/style>\n  <\/div>\n\n\n<div class=\"row\"  id=\"row-1464519009\">\n\n\t<div id=\"col-120779869\" class=\"col small-12 large-12\"  >\n\t\t\t\t<div class=\"col-inner\"  >\n\t\t\t\n\t\t\t\n<h1>Pol\u00edtica de Protecci\u00f3n de Datos Personales<\/h1>\n<p>Algunos servicios prestados en la web pueden contener condiciones particulares con previsiones espec\u00edficas que se encuentren reguladas por la legislaci\u00f3n especifica competente en materia de protecci\u00f3n de datos de car\u00e1cter personal.<\/p>\n<p>Los datos personales recogidos pueden ser objeto de tratamiento e incorporados a los correspondientes ficheros automatizados y no automatizados. Por lo tanto el usuario garantiza que los datos personales facilitados a CHOCOLATES FRAIM, S.L. (CHOCOLATES BRESC\u00d3) son<\/p>\n<p>veraces y se hace responsable de comunicar cualquier modificaci\u00f3n en los mismos, para ajustar el contenido de la web al principio de calidad en los datos.<\/p>\n<p>LA EMPRESA, como responsable de los ficheros automatizados y no automatizados, garantiza el pleno cumplimiento de la normativa de Protecci\u00f3n de Datos de Car\u00e1cter Personal, de acuerdo con la L.O. 15\/1999, sobre protecci\u00f3n de datos de car\u00e1cter personal y el reglamento de desarrollo aprobado por el R.D. 1720\/2007. Dichos ficheros han quedado registrados en la Agencia Espa\u00f1ola de Protecci\u00f3n de Datos (www.agpd.es), tal como estipula la ley vigente.<\/p>\n<p>La recogida y tratamiento automatizado de los datos personales tiene como finalidad el mantenimiento de la relaci\u00f3n contractual con CHOCOLATES FRAIM, S.L. (CHOCOLATES BRESC\u00d3), la gesti\u00f3n, administraci\u00f3n, prestaci\u00f3n, ampliaci\u00f3n y mejora de los servicios, as\u00ed como el env\u00edo por medios tradicionales y electr\u00f3nicos, de informaci\u00f3n t\u00e9cnica, operativa y comercial acerca de productos y servicios ofrecidos por CHOCOLATES FREAIM, S.L. (CHOCOLATES BRESC\u00d3).<\/p>\n<p>LA EMPRESA ha adoptado los niveles de seguridad de protecci\u00f3n de los datos personales legalmente requeridos, y procura instalar aquellos otros medios y medidas t\u00e9cnicas adicionales a su alcance para evitar la p\u00e9rdida, mal uso, alteraci\u00f3n, acceso no autorizado y robo de los datos personales facilitados a LA EMPRESA.<\/p>\n<p>Los usuarios tienen derechos reconocidos y podr\u00e1n ejercitar los derechos de acceso, cancelaci\u00f3n, rectificaci\u00f3n y oposici\u00f3n, as\u00ed como a ser informados de las cesiones realizadas contactando con LA EMPRESA, mediante escrito dirigido a CHOCOLATES FRAIM, S.L., CARRETERA N-230 Km. 68 58580 BENABARRE \u2013 HUESCA, o por correo electr\u00f3nico a <a href=\"mailto:chocobresco@gmail.com\">chocobresco@gmail.com<\/a>.<\/p>\n<p>\u00a0LA EMPRESA puede utilizar <em>cookies <\/em>y banners cuando un usuario navega por la web, asoci\u00e1ndose \u00fanicamente con el navegador de un ordenador determinado (un usuario an\u00f3nimo), y no proporcionan por s\u00ed el nombre y apellidos del usuario. Gracias a las <em>cookies<\/em>, resulta posible que LA EMPRESA reconozca los navegadores de los usuarios registrados despu\u00e9s de que \u00e9stos se hayan registrado por primera vez, sin que tengan que registrarse en cada visita para acceder a las \u00e1reas y servicios reservados exclusivamente a ellos. Las cookies utilizadas no pueden leer los archivos cookie creados por otros proveedores. El usuario tiene la posibilidad de configurar su navegador para ser avisado en pantalla de la recepci\u00f3n de cookies y para impedir la instalaci\u00f3n de cookies en su disco duro.<\/p>\n\t\t<\/div>\n\t\t\t\t\t<\/div>\n\n\t\n\n<style>\n#row-1464519009 > .col > .col-inner {\n  padding: 90px 0px 90px 0px;\n}\n<\/style>\n<\/div>\n","protected":false},"excerpt":{"rendered":"","protected":false},"author":3,"featured_media":1017,"parent":0,"menu_order":0,"comment_status":"closed","ping_status":"closed","template":"page-transparent-header-light.php","meta":{"footnotes":""},"class_list":["post-2614","page","type-page","status-publish","has-post-thumbnail","hentry"],"_links":{"self":[{"href":"https:\/\/chocolatesbresco.es\/ca\/wp-json\/wp\/v2\/pages\/2614","targetHints":{"allow":["GET"]}}],"collection":[{"href":"https:\/\/chocolatesbresco.es\/ca\/wp-json\/wp\/v2\/pages"}],"about":[{"href":"https:\/\/chocolatesbresco.es\/ca\/wp-json\/wp\/v2\/types\/page"}],"author":[{"embeddable":true,"href":"https:\/\/chocolatesbresco.es\/ca\/wp-json\/wp\/v2\/users\/3"}],"replies":[{"embeddable":true,"href":"https:\/\/chocolatesbresco.es\/ca\/wp-json\/wp\/v2\/comments?post=2614"}],"version-history":[{"count":1,"href":"https:\/\/chocolatesbresco.es\/ca\/wp-json\/wp\/v2\/pages\/2614\/revisions"}],"predecessor-version":[{"id":2615,"href":"https:\/\/chocolatesbresco.es\/ca\/wp-json\/wp\/v2\/pages\/2614\/revisions\/2615"}],"wp:featuredmedia":[{"embeddable":true,"href":"https:\/\/chocolatesbresco.es\/ca\/wp-json\/wp\/v2\/media\/1017"}],"wp:attachment":[{"href":"https:\/\/chocolatesbresco.es\/ca\/wp-json\/wp\/v2\/media?parent=2614"}],"curies":[{"name":"wp","href":"https:\/\/api.w.org\/{rel}","templated":true}]}}