{"id":2619,"date":"2018-03-06T19:08:33","date_gmt":"2018-03-06T18:08:33","guid":{"rendered":"http:\/\/chocolatesbresco.es\/?page_id=2619"},"modified":"2018-03-06T19:08:33","modified_gmt":"2018-03-06T18:08:33","slug":"condiciones-de-devolucion","status":"publish","type":"page","link":"https:\/\/chocolatesbresco.es\/ca\/condiciones-de-devolucion\/","title":{"rendered":"Condiciones de devoluci\u00f3n"},"content":{"rendered":"\n  <div class=\"banner has-hover has-parallax\" id=\"banner-1320733973\">\n          <div class=\"banner-inner fill\">\n        <div class=\"banner-bg fill\" data-parallax=\"-3\" data-parallax-container=\".banner\" data-parallax-background>\n            <img loading=\"lazy\" decoding=\"async\" width=\"1920\" height=\"600\" src=\"https:\/\/chocolatesbresco.es\/wp-content\/uploads\/2018\/02\/chocolates-bresco-barcelona.jpg\" class=\"bg attachment-orginal size-orginal\" alt=\"chocolates-bresco-barcelona\" \/>                                    \n                    <\/div>\n\t\t\n        <div class=\"banner-layers container\">\n            <div class=\"fill banner-link\"><\/div>            \n   <div id=\"text-box-1876741147\" class=\"text-box banner-layer x50 md-x50 lg-x50 y50 md-y50 lg-y50 res-text\">\n                                <div class=\"text-box-content text dark\">\n              \n              <div class=\"text-inner text-center\">\n                  \n<h1>Aviso legal<\/h1>\n              <\/div>\n           <\/div>\n                            \n<style>\n#text-box-1876741147 {\n  width: 60%;\n}\n#text-box-1876741147 .text-box-content {\n  font-size: 100%;\n}\n<\/style>\n    <\/div>\n \n        <\/div>\n      <\/div>\n\n            \n<style>\n#banner-1320733973 {\n  padding-top: 507px;\n}\n<\/style>\n  <\/div>\n\n\n<div class=\"row\"  id=\"row-1491774041\">\n\n\t<div id=\"col-2114450716\" class=\"col small-12 large-12\"  >\n\t\t\t\t<div class=\"col-inner\"  >\n\t\t\t\n\t\t\t\n<h2>CONDICIONES DE DEVOLUCI\u00d3N DE UN PEDIDO<\/h2>\n<p>Todos los productos comprados en www.chocobresco.es podr\u00e1n ser devueltos y reembolsados, siempre que el Cliente comunique a CHOCOLATES FRAIM, S.L., su intenci\u00f3n de devolver el\/los producto\/s adquirido\/s dentro de un plazo m\u00e1ximo de hasta 7 d\u00edas laborables, contados desde la fecha de formalizaci\u00f3n del pedido y que se cumplan el resto de las condiciones establecidas en este apartado.<\/p>\n<p>CHOCOLATES FRAIM, S.L. s\u00f3lo aceptar\u00e1 devoluciones que cumplan los siguientes requisitos:<\/p>\n<ul>\n<li>El producto debe estar en el mismo estado en que se entreg\u00f3 y deber\u00e1 conservar su embalaje y etiquetado original.<\/li>\n<li>El env\u00edo debe hacerse usando la misma caja en que ha sido recibido para proteger el<\/li>\n<\/ul>\n<p>producto.<\/p>\n<ul>\n<li>Debe incluirse una copia del albar\u00e1n de entrega o factura dentro del paquete, donde adem\u00e1s se marquen los productos devueltos y el motivo de la devoluci\u00f3n.<\/li>\n<\/ul>\n<p>Con el objetivo de facilitar a los Clientes el proceso de devoluci\u00f3n y poder hacer un correcto seguimiento de la misma, CHOCOLATES FRAIM, S.L., establece como \u00fanico procedimiento de devoluci\u00f3n el establecido por en estas condiciones de compra. Si el motivo de la devoluci\u00f3n es imputable a CHOCOLATES FRAIM, S.L., (el producto es defectuoso, no es el que se hab\u00eda pedido, etc.), el importe de la devoluci\u00f3n ser\u00e1 reembolsado. Si el motivo es otro (los productos se sirvieron correctamente pero no son del agrado del CLIENTE), el coste de los gastos de devoluci\u00f3n ser\u00e1n a cargo del Cliente.<\/p>\n<p>Para proceder con una devoluci\u00f3n, se deben seguir los siguientes pasos:<\/p>\n<ul>\n<li>Informar antes de 7 d\u00edas laborables desde la confirmaci\u00f3n de compra de que el producto quiere ser devuelto. La informaci\u00f3n podr\u00e1 realizarse v\u00eda correo electr\u00f3nico a chocobresco@gmail.com.<\/li>\n<li>CHOCOLATES FRAIM S.L., informar\u00e1 al Cliente de la direcci\u00f3n a la que debe enviar el producto.<\/li>\n<li>El Cliente debe enviarlo mediante una empresa de mensajer\u00eda de su elecci\u00f3n. La devoluci\u00f3n debe pagarla el Cliente.<\/li>\n<li>El Clientes debe informar a CHOCOLATES FRAIM S.L., de la empresa de mensajer\u00eda utilizada, fecha y hora de la devoluci\u00f3n.<\/li>\n<\/ul>\n<p>La devoluci\u00f3n de los productos dar\u00e1 lugar a un reembolso igual al coste de los productos devueltos menos el coste del servicio de devoluci\u00f3n, si lo hubiera.<\/p>\n<p>\u00danicamente en el caso de que el producto entregado sea defectuoso o incorrecto, CHOCOLATES FRAIM S.L., reembolsar\u00e1 tambi\u00e9n al Cliente los gastos de env\u00edo correspondientes.<\/p>\n<p>Las devoluciones y las anulaciones parciales dar\u00e1n lugar a reembolsos parciales.<\/p>\n<p>CHOCOLATES FRAIM S.L., gestionar\u00e1 la orden de devoluci\u00f3n bajo el mismo sistema que se utiliz\u00f3 para el pago en un plazo de 3 d\u00edas desde la confirmaci\u00f3n de llegada al almac\u00e9n del pedido devuelto. La aplicaci\u00f3n de la devoluci\u00f3n en la cuenta o tarjeta del Cliente depender\u00e1 de la tarjeta y de la entidad emisora. El plazo de aplicaci\u00f3n ser\u00e1 de hasta 7 d\u00edas para las tarjetas de d\u00e9bito y de hasta 30 d\u00edas para las tarjetas de cr\u00e9dito.<\/p>\n\t\t<\/div>\n\t\t\t\t\t<\/div>\n\n\t\n\n<style>\n#row-1491774041 > .col > .col-inner {\n  padding: 90px 0px 90px 0px;\n}\n<\/style>\n<\/div>\n","protected":false},"excerpt":{"rendered":"","protected":false},"author":3,"featured_media":1017,"parent":0,"menu_order":0,"comment_status":"closed","ping_status":"closed","template":"page-transparent-header-light.php","meta":{"footnotes":""},"class_list":["post-2619","page","type-page","status-publish","has-post-thumbnail","hentry"],"_links":{"self":[{"href":"https:\/\/chocolatesbresco.es\/ca\/wp-json\/wp\/v2\/pages\/2619","targetHints":{"allow":["GET"]}}],"collection":[{"href":"https:\/\/chocolatesbresco.es\/ca\/wp-json\/wp\/v2\/pages"}],"about":[{"href":"https:\/\/chocolatesbresco.es\/ca\/wp-json\/wp\/v2\/types\/page"}],"author":[{"embeddable":true,"href":"https:\/\/chocolatesbresco.es\/ca\/wp-json\/wp\/v2\/users\/3"}],"replies":[{"embeddable":true,"href":"https:\/\/chocolatesbresco.es\/ca\/wp-json\/wp\/v2\/comments?post=2619"}],"version-history":[{"count":1,"href":"https:\/\/chocolatesbresco.es\/ca\/wp-json\/wp\/v2\/pages\/2619\/revisions"}],"predecessor-version":[{"id":2620,"href":"https:\/\/chocolatesbresco.es\/ca\/wp-json\/wp\/v2\/pages\/2619\/revisions\/2620"}],"wp:featuredmedia":[{"embeddable":true,"href":"https:\/\/chocolatesbresco.es\/ca\/wp-json\/wp\/v2\/media\/1017"}],"wp:attachment":[{"href":"https:\/\/chocolatesbresco.es\/ca\/wp-json\/wp\/v2\/media?parent=2619"}],"curies":[{"name":"wp","href":"https:\/\/api.w.org\/{rel}","templated":true}]}}