{"id":2625,"date":"2018-03-06T19:11:11","date_gmt":"2018-03-06T18:11:11","guid":{"rendered":"http:\/\/chocolatesbresco.es\/?page_id=2625"},"modified":"2018-03-06T19:11:11","modified_gmt":"2018-03-06T18:11:11","slug":"aviso-legal","status":"publish","type":"page","link":"https:\/\/chocolatesbresco.es\/ca\/aviso-legal\/","title":{"rendered":"Aviso legal"},"content":{"rendered":"\n  <div class=\"banner has-hover has-parallax\" id=\"banner-1627332855\">\n          <div class=\"banner-inner fill\">\n        <div class=\"banner-bg fill\" data-parallax=\"-3\" data-parallax-container=\".banner\" data-parallax-background>\n            <img loading=\"lazy\" decoding=\"async\" width=\"1920\" height=\"600\" src=\"https:\/\/chocolatesbresco.es\/wp-content\/uploads\/2018\/02\/chocolates-bresco-barcelona.jpg\" class=\"bg attachment-orginal size-orginal\" alt=\"chocolates-bresco-barcelona\" \/>                                    \n                    <\/div>\n\t\t\n        <div class=\"banner-layers container\">\n            <div class=\"fill banner-link\"><\/div>            \n   <div id=\"text-box-1330878407\" class=\"text-box banner-layer x50 md-x50 lg-x50 y50 md-y50 lg-y50 res-text\">\n                                <div class=\"text-box-content text dark\">\n              \n              <div class=\"text-inner text-center\">\n                  \n<h1>Aviso legal<\/h1>\n              <\/div>\n           <\/div>\n                            \n<style>\n#text-box-1330878407 {\n  width: 60%;\n}\n#text-box-1330878407 .text-box-content {\n  font-size: 100%;\n}\n<\/style>\n    <\/div>\n \n        <\/div>\n      <\/div>\n\n            \n<style>\n#banner-1627332855 {\n  padding-top: 507px;\n}\n<\/style>\n  <\/div>\n\n\n<div class=\"row\"  id=\"row-2064412354\">\n\n\t<div id=\"col-1362182256\" class=\"col small-12 large-12\"  >\n\t\t\t\t<div class=\"col-inner\"  >\n\t\t\t\n\t\t\t\n<h2>Aviso legal<\/h2>\n<p>Sobre la Propiedad Legal y el Copyright. El propietario de esta web y su contenido es la empresa CHOCOLATES FRAIM, S.L. (CHOCOLATES BRESC\u00d3), en adelante LA EMPRESA. Queda prohibida la transmisi\u00f3n, cesi\u00f3n, venta, alquiler y\/o exposici\u00f3n p\u00fablica de esta web sin la correspondiente autorizaci\u00f3n de sus due\u00f1os.<\/p>\n<p>LA EMPRESA se reserva el derecho de modificar el contenido de la web sin previo aviso y sin ning\u00fan tipo de limitaci\u00f3n. La informaci\u00f3n remitida a esta web o introducida a trav\u00e9s de sus formularios deber\u00e1 ser veraz y no vulnerar\u00e1 el derecho a terceros ni la legalidad vigente. LA EMPRESA declina cualquier responsabilidad contractual o extracontractual con la persona o empresa que tuviera perjuicios de cualquier naturaleza ocasionados por virus inform\u00e1ticos o por elementos inform\u00e1ticos de cualquier \u00edndole al no poder garantizar al 100% la ausencia de virus ni de otros elementos en la web. Condiciones de Utilizaci\u00f3n de la Web.<\/p>\n<p>CHOCOLATES FRAIM, S.L (CHOCOLATES BRESC\u00d3) ofrece en su web informaci\u00f3n relacionada con los productos y servicios que realiza y comercializa.<\/p>\n<p>CHOCOLATES FRAIM, S.L. (CHOCOLATES BRESC\u00d3) se reserva el derecho a actualizar, modificar o eliminar la informaci\u00f3n contenida en el sitio web pudiendo limitar o no permitir el acceso a dicha informaci\u00f3n. Especialmente, LA EMPRESA se reserva el derecho a eliminar, limitar o impedir el acceso a su web cuando surjan dificultades t\u00e9cnicas por hechos o circunstancias ajenas a LA EMPRESA que, a su criterio, disminuyan o anulen los niveles de seguridad adoptados para el adecuado y correcto funcionamiento del sitio web.<\/p>\n\t\t<\/div>\n\t\t\t\t\t<\/div>\n\n\t\n\n<style>\n#row-2064412354 > .col > .col-inner {\n  padding: 90px 0px 90px 0px;\n}\n<\/style>\n<\/div>\n","protected":false},"excerpt":{"rendered":"","protected":false},"author":3,"featured_media":1017,"parent":0,"menu_order":0,"comment_status":"closed","ping_status":"closed","template":"page-transparent-header-light.php","meta":{"footnotes":""},"class_list":["post-2625","page","type-page","status-publish","has-post-thumbnail","hentry"],"_links":{"self":[{"href":"https:\/\/chocolatesbresco.es\/ca\/wp-json\/wp\/v2\/pages\/2625","targetHints":{"allow":["GET"]}}],"collection":[{"href":"https:\/\/chocolatesbresco.es\/ca\/wp-json\/wp\/v2\/pages"}],"about":[{"href":"https:\/\/chocolatesbresco.es\/ca\/wp-json\/wp\/v2\/types\/page"}],"author":[{"embeddable":true,"href":"https:\/\/chocolatesbresco.es\/ca\/wp-json\/wp\/v2\/users\/3"}],"replies":[{"embeddable":true,"href":"https:\/\/chocolatesbresco.es\/ca\/wp-json\/wp\/v2\/comments?post=2625"}],"version-history":[{"count":1,"href":"https:\/\/chocolatesbresco.es\/ca\/wp-json\/wp\/v2\/pages\/2625\/revisions"}],"predecessor-version":[{"id":2627,"href":"https:\/\/chocolatesbresco.es\/ca\/wp-json\/wp\/v2\/pages\/2625\/revisions\/2627"}],"wp:featuredmedia":[{"embeddable":true,"href":"https:\/\/chocolatesbresco.es\/ca\/wp-json\/wp\/v2\/media\/1017"}],"wp:attachment":[{"href":"https:\/\/chocolatesbresco.es\/ca\/wp-json\/wp\/v2\/media?parent=2625"}],"curies":[{"name":"wp","href":"https:\/\/api.w.org\/{rel}","templated":true}]}}