{"id":10575,"date":"2026-03-15T10:18:42","date_gmt":"2026-03-15T09:18:42","guid":{"rendered":"https:\/\/chocolatesbresco.es\/?post_type=product&#038;p=10575"},"modified":"2026-03-15T10:19:52","modified_gmt":"2026-03-15T09:19:52","slug":"esquimal","status":"publish","type":"product","link":"https:\/\/chocolatesbresco.es\/ca\/producto\/esquimal\/","title":{"rendered":"Esquimal"},"content":{"rendered":"<p><em>IMPORTANTE: Las Monas de Pascua, debido a su fragilidad, solo se pueden recoger en la tienda de Benabarre, NO las enviamos. Cada mona est\u00e1 disponible \u00fanicamente en el tama\u00f1o de su descripci\u00f3n. Para m\u00e1s informaci\u00f3n o realizar un pedido visite y\/o <a href=\"https:\/\/chocolatesbresco.es\/contacto\/\">contacte<\/a> directamente con nuestra tienda. Gracias.<\/em><\/p>\n","protected":false},"excerpt":{"rendered":"<p>Mona mediana doble de un Esquimal.<\/p>\n","protected":false},"featured_media":10433,"template":"","meta":[],"product_brand":[],"product_cat":[251],"product_tag":[],"class_list":{"0":"post-10575","1":"product","2":"type-product","3":"status-publish","4":"has-post-thumbnail","6":"product_cat-monas-medianas","8":"first","9":"onbackorder","10":"virtual","11":"taxable","12":"product-type-simple"},"_links":{"self":[{"href":"https:\/\/chocolatesbresco.es\/ca\/wp-json\/wp\/v2\/product\/10575","targetHints":{"allow":["GET"]}}],"collection":[{"href":"https:\/\/chocolatesbresco.es\/ca\/wp-json\/wp\/v2\/product"}],"about":[{"href":"https:\/\/chocolatesbresco.es\/ca\/wp-json\/wp\/v2\/types\/product"}],"wp:featuredmedia":[{"embeddable":true,"href":"https:\/\/chocolatesbresco.es\/ca\/wp-json\/wp\/v2\/media\/10433"}],"wp:attachment":[{"href":"https:\/\/chocolatesbresco.es\/ca\/wp-json\/wp\/v2\/media?parent=10575"}],"wp:term":[{"taxonomy":"product_brand","embeddable":true,"href":"https:\/\/chocolatesbresco.es\/ca\/wp-json\/wp\/v2\/product_brand?post=10575"},{"taxonomy":"product_cat","embeddable":true,"href":"https:\/\/chocolatesbresco.es\/ca\/wp-json\/wp\/v2\/product_cat?post=10575"},{"taxonomy":"product_tag","embeddable":true,"href":"https:\/\/chocolatesbresco.es\/ca\/wp-json\/wp\/v2\/product_tag?post=10575"}],"curies":[{"name":"wp","href":"https:\/\/api.w.org\/{rel}","templated":true}]}}