{"id":1624,"date":"2018-02-02T14:19:50","date_gmt":"2018-02-02T14:19:50","guid":{"rendered":"http:\/\/chocolatesbresco.es\/producto\/torro-vienes-i-xocolata-52\/"},"modified":"2018-02-02T14:19:50","modified_gmt":"2018-02-02T14:19:50","slug":"torro-vienes-i-xocolata-52","status":"publish","type":"product","link":"https:\/\/chocolatesbresco.es\/ca\/producto\/torro-vienes-i-xocolata-52\/","title":{"rendered":"Torr\u00f3 Vien\u00e8s i xocolata 52%"},"content":{"rendered":"<p>Pralin\u00e9, xocolata negra 52%, granets d&#8217;ametlla torrada<\/p>\n","protected":false},"excerpt":{"rendered":"<p>Pralin\u00e9, xocolata negra 52%, granets d&#8217;ametlla torrada<\/p>\n","protected":false},"featured_media":1105,"template":"","meta":[],"product_brand":[],"product_cat":[170],"product_tag":[],"class_list":{"0":"post-1624","1":"product","2":"type-product","3":"status-publish","4":"has-post-thumbnail","6":"product_cat-torrons-i-neules-nadal","8":"first","9":"instock","10":"taxable","11":"shipping-taxable","12":"purchasable","13":"product-type-simple"},"_links":{"self":[{"href":"https:\/\/chocolatesbresco.es\/ca\/wp-json\/wp\/v2\/product\/1624","targetHints":{"allow":["GET"]}}],"collection":[{"href":"https:\/\/chocolatesbresco.es\/ca\/wp-json\/wp\/v2\/product"}],"about":[{"href":"https:\/\/chocolatesbresco.es\/ca\/wp-json\/wp\/v2\/types\/product"}],"wp:featuredmedia":[{"embeddable":true,"href":"https:\/\/chocolatesbresco.es\/ca\/wp-json\/wp\/v2\/media\/1105"}],"wp:attachment":[{"href":"https:\/\/chocolatesbresco.es\/ca\/wp-json\/wp\/v2\/media?parent=1624"}],"wp:term":[{"taxonomy":"product_brand","embeddable":true,"href":"https:\/\/chocolatesbresco.es\/ca\/wp-json\/wp\/v2\/product_brand?post=1624"},{"taxonomy":"product_cat","embeddable":true,"href":"https:\/\/chocolatesbresco.es\/ca\/wp-json\/wp\/v2\/product_cat?post=1624"},{"taxonomy":"product_tag","embeddable":true,"href":"https:\/\/chocolatesbresco.es\/ca\/wp-json\/wp\/v2\/product_tag?post=1624"}],"curies":[{"name":"wp","href":"https:\/\/api.w.org\/{rel}","templated":true}]}}