{"id":1668,"date":"2018-02-05T15:14:27","date_gmt":"2018-02-05T15:14:27","guid":{"rendered":"http:\/\/chocolatesbresco.es\/producto\/xocolata-a-la-pedra-350g\/"},"modified":"2018-03-26T15:51:56","modified_gmt":"2018-03-26T13:51:56","slug":"xocolata-a-la-pedra-350g","status":"publish","type":"product","link":"https:\/\/chocolatesbresco.es\/ca\/producto\/xocolata-a-la-pedra-350g\/","title":{"rendered":"Xocolata a la pedra 350g"},"content":{"rendered":"","protected":false},"excerpt":{"rendered":"<p>Xocolata fet a m\u00e0 sense refinar, una mica terr\u00f3s i especial per deixatar. Cont\u00e9 un 65% de cacau<\/p>\n","protected":false},"featured_media":2355,"template":"","meta":[],"product_brand":[],"product_cat":[211,175,158],"product_tag":[],"class_list":{"0":"post-1668","1":"product","2":"type-product","3":"status-publish","4":"has-post-thumbnail","6":"product_cat-65-cacau","7":"product_cat-productes-mes-venuts","8":"product_cat-xocolata-negra","10":"first","11":"instock","12":"taxable","13":"shipping-taxable","14":"purchasable","15":"product-type-simple"},"_links":{"self":[{"href":"https:\/\/chocolatesbresco.es\/ca\/wp-json\/wp\/v2\/product\/1668","targetHints":{"allow":["GET"]}}],"collection":[{"href":"https:\/\/chocolatesbresco.es\/ca\/wp-json\/wp\/v2\/product"}],"about":[{"href":"https:\/\/chocolatesbresco.es\/ca\/wp-json\/wp\/v2\/types\/product"}],"wp:featuredmedia":[{"embeddable":true,"href":"https:\/\/chocolatesbresco.es\/ca\/wp-json\/wp\/v2\/media\/2355"}],"wp:attachment":[{"href":"https:\/\/chocolatesbresco.es\/ca\/wp-json\/wp\/v2\/media?parent=1668"}],"wp:term":[{"taxonomy":"product_brand","embeddable":true,"href":"https:\/\/chocolatesbresco.es\/ca\/wp-json\/wp\/v2\/product_brand?post=1668"},{"taxonomy":"product_cat","embeddable":true,"href":"https:\/\/chocolatesbresco.es\/ca\/wp-json\/wp\/v2\/product_cat?post=1668"},{"taxonomy":"product_tag","embeddable":true,"href":"https:\/\/chocolatesbresco.es\/ca\/wp-json\/wp\/v2\/product_tag?post=1668"}],"curies":[{"name":"wp","href":"https:\/\/api.w.org\/{rel}","templated":true}]}}