{"id":1682,"date":"2018-02-05T15:30:52","date_gmt":"2018-02-05T15:30:52","guid":{"rendered":"http:\/\/chocolatesbresco.es\/producto\/xocolata-en-pols-2kg\/"},"modified":"2018-02-05T15:30:52","modified_gmt":"2018-02-05T15:30:52","slug":"xocolata-en-pols-2kg","status":"publish","type":"product","link":"https:\/\/chocolatesbresco.es\/ca\/producto\/xocolata-en-pols-2kg\/","title":{"rendered":"Xocolata en pols 2Kg"},"content":{"rendered":"","protected":false},"excerpt":{"rendered":"<p>Exquisida xocolata per dilu\u00efr amb llet o b\u00e9 amb aigua. Prova-ho! Per 200 gr de xocolata en pols obtindr\u00e0s un litre de deliciosa xocolata a la tassa<\/p>\n","protected":false},"featured_media":2835,"template":"","meta":[],"product_brand":[],"product_cat":[124],"product_tag":[],"class_list":{"0":"post-1682","1":"product","2":"type-product","3":"status-publish","4":"has-post-thumbnail","6":"product_cat-xocolata-en-pols-i-cacau","8":"first","9":"instock","10":"taxable","11":"shipping-taxable","12":"purchasable","13":"product-type-simple"},"_links":{"self":[{"href":"https:\/\/chocolatesbresco.es\/ca\/wp-json\/wp\/v2\/product\/1682","targetHints":{"allow":["GET"]}}],"collection":[{"href":"https:\/\/chocolatesbresco.es\/ca\/wp-json\/wp\/v2\/product"}],"about":[{"href":"https:\/\/chocolatesbresco.es\/ca\/wp-json\/wp\/v2\/types\/product"}],"wp:featuredmedia":[{"embeddable":true,"href":"https:\/\/chocolatesbresco.es\/ca\/wp-json\/wp\/v2\/media\/2835"}],"wp:attachment":[{"href":"https:\/\/chocolatesbresco.es\/ca\/wp-json\/wp\/v2\/media?parent=1682"}],"wp:term":[{"taxonomy":"product_brand","embeddable":true,"href":"https:\/\/chocolatesbresco.es\/ca\/wp-json\/wp\/v2\/product_brand?post=1682"},{"taxonomy":"product_cat","embeddable":true,"href":"https:\/\/chocolatesbresco.es\/ca\/wp-json\/wp\/v2\/product_cat?post=1682"},{"taxonomy":"product_tag","embeddable":true,"href":"https:\/\/chocolatesbresco.es\/ca\/wp-json\/wp\/v2\/product_tag?post=1682"}],"curies":[{"name":"wp","href":"https:\/\/api.w.org\/{rel}","templated":true}]}}