{"id":1685,"date":"2018-02-05T15:49:04","date_gmt":"2018-02-05T15:49:04","guid":{"rendered":"http:\/\/chocolatesbresco.es\/producto\/xocolata-amb-llet-250gr\/"},"modified":"2023-05-02T16:22:22","modified_gmt":"2023-05-02T14:22:22","slug":"xocolata-amb-llet-225gr","status":"publish","type":"product","link":"https:\/\/chocolatesbresco.es\/ca\/producto\/xocolata-amb-llet-225gr\/","title":{"rendered":"Xocolata amb llet 225gr"},"content":{"rendered":"","protected":false},"excerpt":{"rendered":"<p>Medallons amb delici\u00f3s i crem\u00f3s xocolata amb llet. Petites porcions amb llet al paladar. Gaudeix aquestes del\u00edcies! En exclusiva a les nostres botigues<\/p>\n","protected":false},"featured_media":2279,"template":"","meta":[],"product_brand":[],"product_cat":[144,140],"product_tag":[],"class_list":{"0":"post-1685","1":"product","2":"type-product","3":"status-publish","4":"has-post-thumbnail","6":"product_cat-amb-llet","7":"product_cat-medallons","9":"first","10":"instock","11":"taxable","12":"shipping-taxable","13":"purchasable","14":"product-type-simple"},"_links":{"self":[{"href":"https:\/\/chocolatesbresco.es\/ca\/wp-json\/wp\/v2\/product\/1685","targetHints":{"allow":["GET"]}}],"collection":[{"href":"https:\/\/chocolatesbresco.es\/ca\/wp-json\/wp\/v2\/product"}],"about":[{"href":"https:\/\/chocolatesbresco.es\/ca\/wp-json\/wp\/v2\/types\/product"}],"wp:featuredmedia":[{"embeddable":true,"href":"https:\/\/chocolatesbresco.es\/ca\/wp-json\/wp\/v2\/media\/2279"}],"wp:attachment":[{"href":"https:\/\/chocolatesbresco.es\/ca\/wp-json\/wp\/v2\/media?parent=1685"}],"wp:term":[{"taxonomy":"product_brand","embeddable":true,"href":"https:\/\/chocolatesbresco.es\/ca\/wp-json\/wp\/v2\/product_brand?post=1685"},{"taxonomy":"product_cat","embeddable":true,"href":"https:\/\/chocolatesbresco.es\/ca\/wp-json\/wp\/v2\/product_cat?post=1685"},{"taxonomy":"product_tag","embeddable":true,"href":"https:\/\/chocolatesbresco.es\/ca\/wp-json\/wp\/v2\/product_tag?post=1685"}],"curies":[{"name":"wp","href":"https:\/\/api.w.org\/{rel}","templated":true}]}}