{"id":2389,"date":"2018-02-22T10:06:35","date_gmt":"2018-02-22T09:06:35","guid":{"rendered":"http:\/\/chocolatesbresco.es\/producto\/lloseta-del-70-sense-sucre-i-amb-festucs\/"},"modified":"2018-03-26T22:51:35","modified_gmt":"2018-03-26T20:51:35","slug":"lloseta-del-70-sense-sucre-i-amb-festucs-150g","status":"publish","type":"product","link":"https:\/\/chocolatesbresco.es\/ca\/producto\/lloseta-del-70-sense-sucre-i-amb-festucs-150g\/","title":{"rendered":"Lloseta del 70% sense sucre i amb festucs 150g"},"content":{"rendered":"","protected":false},"excerpt":{"rendered":"<p>Per la gent diab\u00e8tica o que no vol prendre sucre, ideal. \u00c9s una xocolata amb basat de cacau un 70% i amb els bon\u00edssims festucs irani\u00e0 verd d&#8217;alt\u00edssima qualitat. Una del\u00edcia de 150g.<\/p>\n","protected":false},"featured_media":2324,"template":"","meta":[],"product_brand":[],"product_cat":[169],"product_tag":[],"class_list":{"0":"post-2389","1":"product","2":"type-product","3":"status-publish","4":"has-post-thumbnail","6":"product_cat-xocolata-negra-sense-sucre","8":"first","9":"instock","10":"taxable","11":"shipping-taxable","12":"purchasable","13":"product-type-simple"},"_links":{"self":[{"href":"https:\/\/chocolatesbresco.es\/ca\/wp-json\/wp\/v2\/product\/2389","targetHints":{"allow":["GET"]}}],"collection":[{"href":"https:\/\/chocolatesbresco.es\/ca\/wp-json\/wp\/v2\/product"}],"about":[{"href":"https:\/\/chocolatesbresco.es\/ca\/wp-json\/wp\/v2\/types\/product"}],"wp:featuredmedia":[{"embeddable":true,"href":"https:\/\/chocolatesbresco.es\/ca\/wp-json\/wp\/v2\/media\/2324"}],"wp:attachment":[{"href":"https:\/\/chocolatesbresco.es\/ca\/wp-json\/wp\/v2\/media?parent=2389"}],"wp:term":[{"taxonomy":"product_brand","embeddable":true,"href":"https:\/\/chocolatesbresco.es\/ca\/wp-json\/wp\/v2\/product_brand?post=2389"},{"taxonomy":"product_cat","embeddable":true,"href":"https:\/\/chocolatesbresco.es\/ca\/wp-json\/wp\/v2\/product_cat?post=2389"},{"taxonomy":"product_tag","embeddable":true,"href":"https:\/\/chocolatesbresco.es\/ca\/wp-json\/wp\/v2\/product_tag?post=2389"}],"curies":[{"name":"wp","href":"https:\/\/api.w.org\/{rel}","templated":true}]}}