{"id":2810,"date":"2018-03-12T12:11:54","date_gmt":"2018-03-26T15:45:12","guid":{"rendered":"http:\/\/chocolatesbresco.es\/?post_type=product&#038;p=2810"},"modified":"2018-03-26T17:45:13","modified_gmt":"2018-03-26T15:45:13","slug":"caixa-6-daus","status":"publish","type":"product","link":"https:\/\/chocolatesbresco.es\/ca\/producto\/caixa-6-daus\/","title":{"rendered":"Caixa 6 daus"},"content":{"rendered":"","protected":false},"excerpt":{"rendered":"<p><span id=\"result_box\" class=\"\" lang=\"ca\">Caixa de 6 daus a escollir entre els 13 tipus* diferents de productes Bresc\u00f3 banyats amb xocolata.<\/span><\/p>\n<p><a href=\"https:\/\/chocolatesbresco.es\/wp-content\/uploads\/2018\/03\/nota-de-pedido.jpg\" target=\"_blank\" rel=\"noopener\">(Veure camp al formulari)<\/a><\/p>\n<p>*<span id=\"result_box\" class=\"\" lang=\"ca\">Tipus de daus: Ametlla i xocolata amb llet, Ametlla i xocolata negra, Avellanes i xocolata negra, Xocolata aroma caf\u00e8, Flor de Ni\u00e7a, Maduixes i xocolata negra, Gra de caf\u00e8 natural banyat en xocolata negra, Gingebre i xocolata negra, Taronja i xocolata negre, <span class=\"\">Nous de<\/span> <span class=\"\">macad\u00e0mia<\/span> i xocolata negra, Panses i xocolata negra, Pedres del Montsec<span class=\"\">, Pinya<\/span> i <span class=\"\">xocolata negra<\/span><\/span><\/p>\n","protected":false},"featured_media":2819,"template":"","meta":[],"product_brand":[],"product_cat":[122],"product_tag":[],"class_list":{"0":"post-2810","1":"product","2":"type-product","3":"status-publish","4":"has-post-thumbnail","6":"product_cat-bombons","8":"first","9":"instock","10":"taxable","11":"shipping-taxable","12":"purchasable","13":"product-type-simple"},"_links":{"self":[{"href":"https:\/\/chocolatesbresco.es\/ca\/wp-json\/wp\/v2\/product\/2810","targetHints":{"allow":["GET"]}}],"collection":[{"href":"https:\/\/chocolatesbresco.es\/ca\/wp-json\/wp\/v2\/product"}],"about":[{"href":"https:\/\/chocolatesbresco.es\/ca\/wp-json\/wp\/v2\/types\/product"}],"wp:featuredmedia":[{"embeddable":true,"href":"https:\/\/chocolatesbresco.es\/ca\/wp-json\/wp\/v2\/media\/2819"}],"wp:attachment":[{"href":"https:\/\/chocolatesbresco.es\/ca\/wp-json\/wp\/v2\/media?parent=2810"}],"wp:term":[{"taxonomy":"product_brand","embeddable":true,"href":"https:\/\/chocolatesbresco.es\/ca\/wp-json\/wp\/v2\/product_brand?post=2810"},{"taxonomy":"product_cat","embeddable":true,"href":"https:\/\/chocolatesbresco.es\/ca\/wp-json\/wp\/v2\/product_cat?post=2810"},{"taxonomy":"product_tag","embeddable":true,"href":"https:\/\/chocolatesbresco.es\/ca\/wp-json\/wp\/v2\/product_tag?post=2810"}],"curies":[{"name":"wp","href":"https:\/\/api.w.org\/{rel}","templated":true}]}}