{"id":7273,"date":"2022-03-14T01:17:26","date_gmt":"2022-03-14T00:17:26","guid":{"rendered":"https:\/\/chocolatesbresco.es\/?post_type=product&#038;p=7273"},"modified":"2022-03-14T01:20:49","modified_gmt":"2022-03-14T00:20:49","slug":"lloseta-90-ecologica-100g","status":"publish","type":"product","link":"https:\/\/chocolatesbresco.es\/ca\/producto\/lloseta-90-ecologica-100g\/","title":{"rendered":"Lloseta 90% ecol\u00f2gica 100g"},"content":{"rendered":"<p>Aquesta rajola de xocolata 90% cacau de 100g. ecol\u00f2gica t\u00e9 el toc amarg que busques.<\/p>\n","protected":false},"excerpt":{"rendered":"<p>Aquesta rajola de xocolata 90% cacau de 100g. ecol\u00f2gica t\u00e9 el toc amarg que busques.<\/p>\n","protected":false},"featured_media":7247,"template":"","meta":[],"product_brand":[],"product_cat":[239],"product_tag":[],"class_list":{"0":"post-7273","1":"product","2":"type-product","3":"status-publish","4":"has-post-thumbnail","6":"product_cat-90-cacau","8":"first","9":"outofstock","10":"taxable","11":"shipping-taxable","12":"purchasable","13":"product-type-simple"},"_links":{"self":[{"href":"https:\/\/chocolatesbresco.es\/ca\/wp-json\/wp\/v2\/product\/7273","targetHints":{"allow":["GET"]}}],"collection":[{"href":"https:\/\/chocolatesbresco.es\/ca\/wp-json\/wp\/v2\/product"}],"about":[{"href":"https:\/\/chocolatesbresco.es\/ca\/wp-json\/wp\/v2\/types\/product"}],"wp:featuredmedia":[{"embeddable":true,"href":"https:\/\/chocolatesbresco.es\/ca\/wp-json\/wp\/v2\/media\/7247"}],"wp:attachment":[{"href":"https:\/\/chocolatesbresco.es\/ca\/wp-json\/wp\/v2\/media?parent=7273"}],"wp:term":[{"taxonomy":"product_brand","embeddable":true,"href":"https:\/\/chocolatesbresco.es\/ca\/wp-json\/wp\/v2\/product_brand?post=7273"},{"taxonomy":"product_cat","embeddable":true,"href":"https:\/\/chocolatesbresco.es\/ca\/wp-json\/wp\/v2\/product_cat?post=7273"},{"taxonomy":"product_tag","embeddable":true,"href":"https:\/\/chocolatesbresco.es\/ca\/wp-json\/wp\/v2\/product_tag?post=7273"}],"curies":[{"name":"wp","href":"https:\/\/api.w.org\/{rel}","templated":true}]}}