{"id":9590,"date":"2026-03-14T19:11:56","date_gmt":"2026-03-14T18:11:56","guid":{"rendered":"https:\/\/chocolatesbresco.es\/?post_type=product&#038;p=9590"},"modified":"2026-03-14T19:11:56","modified_gmt":"2026-03-14T18:11:56","slug":"ratoncito","status":"publish","type":"product","link":"https:\/\/chocolatesbresco.es\/ca\/producto\/ratoncito\/","title":{"rendered":"Ratoncito"},"content":{"rendered":"<p><em>IMPORTANTE: Las Monas de Pascua, debido a su fragilidad, solo se pueden recoger en la tienda de Benabarre, NO las enviamos. Cada mona est\u00e1 disponible \u00fanicamente en el tama\u00f1o de su descripci\u00f3n. Para m\u00e1s informaci\u00f3n o realizar un pedido visite y\/o <a href=\"https:\/\/chocolatesbresco.es\/contacto\/\">contacte<\/a> directamente con nuestra tienda. Gracias.<\/em><\/p>\n","protected":false},"excerpt":{"rendered":"<p>Minimona de Ratoncito en bolsa. Chocolate negro y con leche.<\/p>\n","protected":false},"featured_media":9581,"template":"","meta":[],"product_brand":[],"product_cat":[244],"product_tag":[],"class_list":{"0":"post-9590","1":"product","2":"type-product","3":"status-publish","4":"has-post-thumbnail","6":"product_cat-minimona-bolsa","8":"first","9":"onbackorder","10":"virtual","11":"taxable","12":"product-type-simple"},"_links":{"self":[{"href":"https:\/\/chocolatesbresco.es\/ca\/wp-json\/wp\/v2\/product\/9590","targetHints":{"allow":["GET"]}}],"collection":[{"href":"https:\/\/chocolatesbresco.es\/ca\/wp-json\/wp\/v2\/product"}],"about":[{"href":"https:\/\/chocolatesbresco.es\/ca\/wp-json\/wp\/v2\/types\/product"}],"wp:featuredmedia":[{"embeddable":true,"href":"https:\/\/chocolatesbresco.es\/ca\/wp-json\/wp\/v2\/media\/9581"}],"wp:attachment":[{"href":"https:\/\/chocolatesbresco.es\/ca\/wp-json\/wp\/v2\/media?parent=9590"}],"wp:term":[{"taxonomy":"product_brand","embeddable":true,"href":"https:\/\/chocolatesbresco.es\/ca\/wp-json\/wp\/v2\/product_brand?post=9590"},{"taxonomy":"product_cat","embeddable":true,"href":"https:\/\/chocolatesbresco.es\/ca\/wp-json\/wp\/v2\/product_cat?post=9590"},{"taxonomy":"product_tag","embeddable":true,"href":"https:\/\/chocolatesbresco.es\/ca\/wp-json\/wp\/v2\/product_tag?post=9590"}],"curies":[{"name":"wp","href":"https:\/\/api.w.org\/{rel}","templated":true}]}}