{"id":9678,"date":"2025-03-19T09:13:42","date_gmt":"2025-03-19T08:13:42","guid":{"rendered":"https:\/\/chocolatesbresco.es\/?post_type=product&#038;p=9678"},"modified":"2026-03-30T16:41:39","modified_gmt":"2026-03-30T14:41:39","slug":"caracol","status":"publish","type":"product","link":"https:\/\/chocolatesbresco.es\/ca\/producto\/caracol\/","title":{"rendered":"Caracol"},"content":{"rendered":"<p><em>IMPORTANTE: Las Monas de Pascua, debido a su fragilidad, solo se pueden recoger en la tienda de Benabarre, NO las enviamos. Cada mona est\u00e1 disponible \u00fanicamente en el tama\u00f1o de su descripci\u00f3n. Para m\u00e1s informaci\u00f3n o realizar un pedido visite y\/o <a href=\"https:\/\/chocolatesbresco.es\/contacto\/\">contacte<\/a> directamente con nuestra tienda. Gracias.<\/em><\/p>\n","protected":false},"excerpt":{"rendered":"<p>Mona peque\u00f1a de Caracol. Figura disponible en chocolate negro y chocolate con leche.<\/p>\n","protected":false},"featured_media":9659,"template":"","meta":[],"product_brand":[],"product_cat":[257],"product_tag":[],"class_list":{"0":"post-9678","1":"product","2":"type-product","3":"status-publish","4":"has-post-thumbnail","6":"product_cat-monas-pequenas","8":"first","9":"onbackorder","10":"virtual","11":"taxable","12":"product-type-simple"},"_links":{"self":[{"href":"https:\/\/chocolatesbresco.es\/ca\/wp-json\/wp\/v2\/product\/9678","targetHints":{"allow":["GET"]}}],"collection":[{"href":"https:\/\/chocolatesbresco.es\/ca\/wp-json\/wp\/v2\/product"}],"about":[{"href":"https:\/\/chocolatesbresco.es\/ca\/wp-json\/wp\/v2\/types\/product"}],"wp:featuredmedia":[{"embeddable":true,"href":"https:\/\/chocolatesbresco.es\/ca\/wp-json\/wp\/v2\/media\/9659"}],"wp:attachment":[{"href":"https:\/\/chocolatesbresco.es\/ca\/wp-json\/wp\/v2\/media?parent=9678"}],"wp:term":[{"taxonomy":"product_brand","embeddable":true,"href":"https:\/\/chocolatesbresco.es\/ca\/wp-json\/wp\/v2\/product_brand?post=9678"},{"taxonomy":"product_cat","embeddable":true,"href":"https:\/\/chocolatesbresco.es\/ca\/wp-json\/wp\/v2\/product_cat?post=9678"},{"taxonomy":"product_tag","embeddable":true,"href":"https:\/\/chocolatesbresco.es\/ca\/wp-json\/wp\/v2\/product_tag?post=9678"}],"curies":[{"name":"wp","href":"https:\/\/api.w.org\/{rel}","templated":true}]}}